{"id":11,"date":"2023-10-27T12:12:10","date_gmt":"2023-10-27T10:12:10","guid":{"rendered":"https:\/\/avisvert.fr\/?page_id=11"},"modified":"2024-01-22T18:34:34","modified_gmt":"2024-01-22T17:34:34","slug":"beaux-portfolios-pour-des-creatifs-exceptionnels","status":"publish","type":"page","link":"https:\/\/avisvert.fr\/","title":{"rendered":"Titre"},"content":{"rendered":"\n<div class=\"wp-block-group alignfull has-background is-layout-constrained wp-block-group-is-layout-constrained\" id=\"nos-services\" style=\"background-color:#e6edeb\"><div class=\"wp-block-group__inner-container\">\n<div class=\"wp-block-columns is-layout-flex wp-container-5 wp-block-columns-is-layout-flex\">\n<div class=\"wp-block-column is-vertically-aligned-center is-layout-flow wp-block-column-is-layout-flow\">\n<h2 class=\"wp-block-heading\">Services :<\/h2>\n\n\n\n<p><strong>Pour les particuliers :<\/strong><\/p>\n\n\n\n<ul>\n<li>Conseils et accompagnements, pour vous aider \u00e0 r\u00e9aliser l&#8217;am\u00e9nagement de votre jardin par vous m\u00eame (le DIY accompagn\u00e9 par un pro).<\/li>\n\n\n\n<li>Recherche de v\u00e9g\u00e9taux et fournitures de qualit\u00e9s professionnelles.<\/li>\n\n\n\n<li>Suivis techniques et financiers des projets paysagers que vous faites r\u00e9aliser.<\/li>\n<\/ul>\n\n\n\n<p><strong>Pour les architectes paysagers et ma\u00eetrises d&#8217;\u0153uvres :<\/strong><\/p>\n\n\n\n<ul>\n<li>Suivis de travaux.<\/li>\n\n\n\n<li>Contr\u00f4les de r\u00e9alisations aux exigences architecturales.<\/li>\n\n\n\n<li>Conseils et propositions de solutions techniques.<\/li>\n<\/ul>\n\n\n\n<p><strong>Pour les entreprises d&#8217;espaces verts et les collectivit\u00e9s :<\/strong><\/p>\n\n\n\n<ul>\n<li>Conduites de travaux lors de surcro\u00eets d&#8217;activit\u00e9s.<\/li>\n\n\n\n<li>Apports de technicit\u00e9.<\/li>\n<\/ul>\n\n\n\n<div class=\"wp-block-buttons is-horizontal is-content-justification-left is-layout-flex wp-container-1 wp-block-buttons-is-layout-flex\"><\/div>\n\n\n\n<p><\/p>\n<\/div>\n\n\n\n<div class=\"wp-block-column is-vertically-aligned-center is-layout-flow wp-block-column-is-layout-flow\" style=\"flex-basis:50%\">\n<div style=\"height:48px\" aria-hidden=\"true\" class=\"wp-block-spacer\"><\/div>\n\n\n\n<div class=\"wp-block-group is-content-justification-center is-nowrap is-layout-flex wp-container-3 wp-block-group-is-layout-flex\"><div class=\"wp-block-image\">\n<figure class=\"aligncenter size-large is-resized\"><img decoding=\"async\" loading=\"lazy\" width=\"498\" height=\"1024\" src=\"https:\/\/avisvert.fr\/wp-content\/uploads\/2023\/11\/20200410_194622-498x1024.jpg\" alt=\"\" class=\"wp-image-95\" style=\"aspect-ratio:0.486328125;object-fit:cover;width:280px\" srcset=\"https:\/\/avisvert.fr\/wp-content\/uploads\/2023\/11\/20200410_194622-498x1024.jpg 498w, https:\/\/avisvert.fr\/wp-content\/uploads\/2023\/11\/20200410_194622-146x300.jpg 146w, https:\/\/avisvert.fr\/wp-content\/uploads\/2023\/11\/20200410_194622-768x1580.jpg 768w, https:\/\/avisvert.fr\/wp-content\/uploads\/2023\/11\/20200410_194622-747x1536.jpg 747w, https:\/\/avisvert.fr\/wp-content\/uploads\/2023\/11\/20200410_194622-996x2048.jpg 996w, https:\/\/avisvert.fr\/wp-content\/uploads\/2023\/11\/20200410_194622-scaled.jpg 1244w\" sizes=\"(max-width: 498px) 100vw, 498px\" \/><\/figure><\/div><\/div>\n\n\n\n<div style=\"height:48px\" aria-hidden=\"true\" class=\"wp-block-spacer\"><\/div>\n<\/div>\n<\/div>\n<\/div><\/div>\n\n\n\n<div class=\"wp-block-group alignfull is-layout-constrained wp-block-group-is-layout-constrained\" id=\"a-propos\"><div class=\"wp-block-group__inner-container\">\n<div class=\"wp-block-columns is-layout-flex wp-container-11 wp-block-columns-is-layout-flex\">\n<div class=\"wp-block-column is-vertically-aligned-center is-layout-flow wp-block-column-is-layout-flow\" style=\"flex-basis:50%\">\n<div style=\"height:48px\" aria-hidden=\"true\" class=\"wp-block-spacer\"><\/div>\n\n\n\n<div class=\"wp-block-group is-content-justification-center is-nowrap is-layout-flex wp-container-7 wp-block-group-is-layout-flex\"><div class=\"wp-block-image\">\n<figure class=\"aligncenter size-large is-resized\"><img decoding=\"async\" loading=\"lazy\" width=\"387\" height=\"1024\" src=\"https:\/\/avisvert.fr\/wp-content\/uploads\/2023\/10\/20200423_0927011-edited-387x1024.jpg\" alt=\"\" class=\"wp-image-52\" style=\"aspect-ratio:0.486328125;object-fit:cover;width:280px\" srcset=\"https:\/\/avisvert.fr\/wp-content\/uploads\/2023\/10\/20200423_0927011-edited-387x1024.jpg 387w, https:\/\/avisvert.fr\/wp-content\/uploads\/2023\/10\/20200423_0927011-edited-113x300.jpg 113w, https:\/\/avisvert.fr\/wp-content\/uploads\/2023\/10\/20200423_0927011-edited-581x1536.jpg 581w, https:\/\/avisvert.fr\/wp-content\/uploads\/2023\/10\/20200423_0927011-edited-rotated.jpg 756w\" sizes=\"(max-width: 387px) 100vw, 387px\" \/><\/figure><\/div><\/div>\n\n\n\n<div style=\"height:48px\" aria-hidden=\"true\" class=\"wp-block-spacer\"><\/div>\n<\/div>\n\n\n\n<div class=\"wp-block-column is-vertically-aligned-center is-layout-flow wp-block-column-is-layout-flow\">\n<h2 class=\"wp-block-heading\"><strong>Une vie autour du v\u00e9g\u00e9tal<\/strong><\/h2>\n\n\n\n<p>Apr\u00e8s une formation de p\u00e9pini\u00e9riste, j&#8217;ai d\u00e9couvert le monde passionnant des jardins.<\/p>\n\n\n\n<p>Suite \u00e0 plusieurs ann\u00e9es enrichissantes sur le terrain, j&#8217;ai pris en charge la conduite de travaux entre autres de projets majeurs et de haut de gamme en r\u00e9gion parisienne. <\/p>\n\n\n\n<p>Ceci m&#8217;a permis d&#8217;acc\u00e9der \u00e0 une approche plus globale de l&#8217;entreprise au poste de directeur adjoint en charge de la production, au sein d\u2019une \u00e9quipe d\u2019une cinquantaine de collaborateurs.<\/p>\n\n\n\n<p>Ce parcours parsem\u00e9 de belles rencontres m\u2019a permis d\u2019\u00e9prouver et de ma\u00eetriser les techniques paysag\u00e8res, de cultiver l\u2019amour du travail bien fait, et d&#8217;aborder sereinement l&#8217;organisation de travaux en ma\u00eetrisant les aspects \u00e9conomiques, qualificatifs et humains.<\/p>\n\n\n\n<p>A mon tour je serai ravi de vous faire profiter de ce savoir faire en le partageant avec vous.<\/p>\n\n\n\n<div class=\"wp-block-buttons is-horizontal is-content-justification-left is-layout-flex wp-container-9 wp-block-buttons-is-layout-flex\"><\/div>\n\n\n\n<p><\/p>\n<\/div>\n<\/div>\n<\/div><\/div>\n\n\n\n<div class=\"wp-block-group alignfull has-background is-layout-constrained wp-block-group-is-layout-constrained\" id=\"nos-valeurs\" style=\"background-color:#e6edeb\"><div class=\"wp-block-group__inner-container\">\n<div class=\"wp-block-columns is-layout-flex wp-container-17 wp-block-columns-is-layout-flex\">\n<div class=\"wp-block-column is-vertically-aligned-center is-layout-flow wp-block-column-is-layout-flow\">\n<h2 class=\"wp-block-heading\">Valeurs fondatrices :<\/h2>\n\n\n\n<p>Par essence, les m\u00e9tiers de l\u2019espace vert aiment le vivant. Nous sommes convaincus qu&#8217;en plus de l\u2019aspect esth\u00e9tique du jardin, celui ci nous relie au vivant.<\/p>\n\n\n\n<p>C\u2019est pour cela qu\u2019il est bien de nous \u00e9veiller \u00e0 l\u2019observation et \u00e0 la compr\u00e9hension des syst\u00e8mes vivants de notre jardin pour \u00eatre acteur de son \u00e9volution.<\/p>\n\n\n\n<p>Dans cet esprit, avant tout am\u00e9nagement, on r\u00e9fl\u00e9chira \u00e0 son impact, on \u00e9changera sur les m\u00e9thodes les moins intrusives et on choisira les mat\u00e9riaux les mieux adapt\u00e9s \u00e0 cette d\u00e9marche.<\/p>\n\n\n\n<p>Temps long et r\u00e9silience sont n\u00e9cessaire au jardin pour qu&#8217;il s&#8217;exprime pleinement et que nous y construisions une relation sereine.<\/p>\n\n\n\n<div class=\"wp-block-buttons is-horizontal is-content-justification-left is-layout-flex wp-container-13 wp-block-buttons-is-layout-flex\"><\/div>\n\n\n\n<p><\/p>\n<\/div>\n\n\n\n<div class=\"wp-block-column is-vertically-aligned-center is-layout-flow wp-block-column-is-layout-flow\" style=\"flex-basis:50%\">\n<div style=\"height:48px\" aria-hidden=\"true\" class=\"wp-block-spacer\"><\/div>\n\n\n\n<div class=\"wp-block-group is-content-justification-center is-nowrap is-layout-flex wp-container-15 wp-block-group-is-layout-flex\"><div class=\"wp-block-image\">\n<figure class=\"aligncenter size-large is-resized\"><img decoding=\"async\" loading=\"lazy\" width=\"498\" height=\"1024\" src=\"https:\/\/avisvert.fr\/wp-content\/uploads\/2023\/11\/202204221_071600-498x1024.jpg\" alt=\"\" class=\"wp-image-92\" style=\"aspect-ratio:0.486328125;object-fit:cover;width:280px\" srcset=\"https:\/\/avisvert.fr\/wp-content\/uploads\/2023\/11\/202204221_071600-498x1024.jpg 498w, https:\/\/avisvert.fr\/wp-content\/uploads\/2023\/11\/202204221_071600-146x300.jpg 146w, https:\/\/avisvert.fr\/wp-content\/uploads\/2023\/11\/202204221_071600-768x1580.jpg 768w, https:\/\/avisvert.fr\/wp-content\/uploads\/2023\/11\/202204221_071600-746x1536.jpg 746w, https:\/\/avisvert.fr\/wp-content\/uploads\/2023\/11\/202204221_071600-rotated.jpg 972w\" sizes=\"(max-width: 498px) 100vw, 498px\" \/><\/figure><\/div><\/div>\n\n\n\n<div style=\"height:48px\" aria-hidden=\"true\" class=\"wp-block-spacer\"><\/div>\n<\/div>\n<\/div>\n<\/div><\/div>\n\n\n\n<div class=\"wp-block-group alignfull has-black-background-color has-background is-layout-flow wp-block-group-is-layout-flow\" id=\"galerie\"><div class=\"wp-block-group__inner-container\">\n<h2 class=\"wp-block-heading has-text-align-center has-white-color has-text-color\"><strong>Quelques r\u00e9alisations<\/strong><\/h2>\n\n\n\n<figure class=\"wp-block-gallery aligncenter has-nested-images columns-default is-cropped wp-block-gallery-19 is-layout-flex wp-block-gallery-is-layout-flex\">\n<figure class=\"wp-block-image size-large\"><img decoding=\"async\" loading=\"lazy\" width=\"1024\" height=\"498\" src=\"https:\/\/avisvert.fr\/wp-content\/uploads\/2023\/10\/20230519_1955021-1024x498.jpg\" alt=\"\" class=\"wp-image-47\" srcset=\"https:\/\/avisvert.fr\/wp-content\/uploads\/2023\/10\/20230519_1955021-1024x498.jpg 1024w, https:\/\/avisvert.fr\/wp-content\/uploads\/2023\/10\/20230519_1955021-300x146.jpg 300w, https:\/\/avisvert.fr\/wp-content\/uploads\/2023\/10\/20230519_1955021-768x373.jpg 768w, https:\/\/avisvert.fr\/wp-content\/uploads\/2023\/10\/20230519_1955021-1536x746.jpg 1536w, https:\/\/avisvert.fr\/wp-content\/uploads\/2023\/10\/20230519_1955021.jpg 2000w\" sizes=\"(max-width: 1024px) 100vw, 1024px\" \/><figcaption class=\"wp-element-caption\">L&#8217;eau dans le jardin<\/figcaption><\/figure>\n\n\n\n<figure class=\"wp-block-image size-large\"><img decoding=\"async\" loading=\"lazy\" width=\"1024\" height=\"498\" src=\"https:\/\/avisvert.fr\/wp-content\/uploads\/2023\/10\/20230508_1950371-1024x498.jpg\" alt=\"\" class=\"wp-image-46\" srcset=\"https:\/\/avisvert.fr\/wp-content\/uploads\/2023\/10\/20230508_1950371-1024x498.jpg 1024w, https:\/\/avisvert.fr\/wp-content\/uploads\/2023\/10\/20230508_1950371-300x146.jpg 300w, https:\/\/avisvert.fr\/wp-content\/uploads\/2023\/10\/20230508_1950371-768x373.jpg 768w, https:\/\/avisvert.fr\/wp-content\/uploads\/2023\/10\/20230508_1950371-1536x746.jpg 1536w, https:\/\/avisvert.fr\/wp-content\/uploads\/2023\/10\/20230508_1950371.jpg 2000w\" sizes=\"(max-width: 1024px) 100vw, 1024px\" \/><figcaption class=\"wp-element-caption\">Abris et mobilier<\/figcaption><\/figure>\n\n\n\n<figure class=\"wp-block-image size-large\"><img decoding=\"async\" loading=\"lazy\" width=\"498\" height=\"1024\" src=\"https:\/\/avisvert.fr\/wp-content\/uploads\/2023\/10\/20220320_1553131-498x1024.jpg\" alt=\"\" class=\"wp-image-45\" srcset=\"https:\/\/avisvert.fr\/wp-content\/uploads\/2023\/10\/20220320_1553131-498x1024.jpg 498w, https:\/\/avisvert.fr\/wp-content\/uploads\/2023\/10\/20220320_1553131-146x300.jpg 146w, https:\/\/avisvert.fr\/wp-content\/uploads\/2023\/10\/20220320_1553131-768x1580.jpg 768w, https:\/\/avisvert.fr\/wp-content\/uploads\/2023\/10\/20220320_1553131-746x1536.jpg 746w, https:\/\/avisvert.fr\/wp-content\/uploads\/2023\/10\/20220320_1553131-rotated.jpg 972w\" sizes=\"(max-width: 498px) 100vw, 498px\" \/><figcaption class=\"wp-element-caption\">Les volumes, les couleurs &#8230;<\/figcaption><\/figure>\n\n\n\n<figure class=\"wp-block-image size-large\"><img decoding=\"async\" loading=\"lazy\" width=\"498\" height=\"1024\" src=\"https:\/\/avisvert.fr\/wp-content\/uploads\/2023\/10\/20210814_2057131-498x1024.jpg\" alt=\"\" class=\"wp-image-44\" srcset=\"https:\/\/avisvert.fr\/wp-content\/uploads\/2023\/10\/20210814_2057131-498x1024.jpg 498w, https:\/\/avisvert.fr\/wp-content\/uploads\/2023\/10\/20210814_2057131-146x300.jpg 146w, https:\/\/avisvert.fr\/wp-content\/uploads\/2023\/10\/20210814_2057131-768x1580.jpg 768w, https:\/\/avisvert.fr\/wp-content\/uploads\/2023\/10\/20210814_2057131-747x1536.jpg 747w, https:\/\/avisvert.fr\/wp-content\/uploads\/2023\/10\/20210814_2057131-995x2048.jpg 995w, https:\/\/avisvert.fr\/wp-content\/uploads\/2023\/10\/20210814_2057131-rotated.jpg 1199w\" sizes=\"(max-width: 498px) 100vw, 498px\" \/><figcaption class=\"wp-element-caption\">Jardin personnalis\u00e9<\/figcaption><\/figure>\n\n\n\n<figure class=\"wp-block-image size-large\"><img decoding=\"async\" loading=\"lazy\" width=\"724\" height=\"891\" src=\"https:\/\/avisvert.fr\/wp-content\/uploads\/2023\/10\/fc5dd0b21-e504-4362-9ca4-5d09514abd2f.jpg\" alt=\"\" class=\"wp-image-78\" srcset=\"https:\/\/avisvert.fr\/wp-content\/uploads\/2023\/10\/fc5dd0b21-e504-4362-9ca4-5d09514abd2f.jpg 724w, https:\/\/avisvert.fr\/wp-content\/uploads\/2023\/10\/fc5dd0b21-e504-4362-9ca4-5d09514abd2f-244x300.jpg 244w\" sizes=\"(max-width: 724px) 100vw, 724px\" \/><figcaption class=\"wp-element-caption\">Le bois au jardin<\/figcaption><\/figure>\n<\/figure>\n\n\n\n<div class=\"wp-block-columns are-vertically-aligned-top is-layout-flex wp-container-24 wp-block-columns-is-layout-flex\">\n<div class=\"wp-block-column is-layout-flow wp-block-column-is-layout-flow\">\n<figure class=\"wp-block-gallery has-nested-images columns-default is-cropped wp-block-gallery-21 is-layout-flex wp-block-gallery-is-layout-flex\">\n<figure class=\"wp-block-image size-large\"><img decoding=\"async\" loading=\"lazy\" width=\"1024\" height=\"427\" src=\"https:\/\/avisvert.fr\/wp-content\/uploads\/2023\/10\/1370fb34-b33f-43b1-8d4a-dde4b0c34eb8-1024x427.jpg\" alt=\"\" class=\"wp-image-50\" srcset=\"https:\/\/avisvert.fr\/wp-content\/uploads\/2023\/10\/1370fb34-b33f-43b1-8d4a-dde4b0c34eb8-1024x427.jpg 1024w, https:\/\/avisvert.fr\/wp-content\/uploads\/2023\/10\/1370fb34-b33f-43b1-8d4a-dde4b0c34eb8-300x125.jpg 300w, https:\/\/avisvert.fr\/wp-content\/uploads\/2023\/10\/1370fb34-b33f-43b1-8d4a-dde4b0c34eb8-768x320.jpg 768w, https:\/\/avisvert.fr\/wp-content\/uploads\/2023\/10\/1370fb34-b33f-43b1-8d4a-dde4b0c34eb8-1536x640.jpg 1536w, https:\/\/avisvert.fr\/wp-content\/uploads\/2023\/10\/1370fb34-b33f-43b1-8d4a-dde4b0c34eb8.jpg 1596w\" sizes=\"(max-width: 1024px) 100vw, 1024px\" \/><figcaption class=\"wp-element-caption\">Auto production<\/figcaption><\/figure>\n<\/figure>\n<\/div>\n<\/div>\n<\/div><\/div>\n\n\n\n<div class=\"wp-block-cover alignfull has-parallax is-position-center-center\" style=\"min-height:268px\"><span aria-hidden=\"true\" class=\"wp-block-cover__background has-black-background-color has-background-dim-40 has-background-dim\"><\/span><div role=\"img\" class=\"wp-block-cover__image-background wp-image-28 has-parallax\" style=\"background-position:50% 50%;background-image:url(https:\/\/avisvert.fr\/wp-content\/uploads\/2023\/10\/cropped-20200424_084229-scaled-1.jpg)\"><\/div><div class=\"wp-block-cover__inner-container is-layout-flow wp-block-cover-is-layout-flow\">\n<div class=\"wp-block-buttons is-horizontal is-content-justification-center is-layout-flex wp-container-26 wp-block-buttons-is-layout-flex\">\n<div class=\"wp-block-button is-style-outline\"><a class=\"wp-block-button__link has-white-color has-text-color wp-element-button\" href=\"https:\/\/avisvert.fr\/index.php\/contact\/\">Contact <\/a><\/div>\n<\/div>\n\n\n\n<div style=\"height:39px\" aria-hidden=\"true\" class=\"wp-block-spacer\"><\/div>\n<\/div><\/div>\n\n\n\n<p><\/p>\n","protected":false},"excerpt":{"rendered":"<p>Services : Pour les particuliers : Pour les architectes paysagers et ma\u00eetrises d&#8217;\u0153uvres : Pour les entreprises d&#8217;espaces verts et les collectivit\u00e9s : Une vie autour du v\u00e9g\u00e9tal Apr\u00e8s une formation de p\u00e9pini\u00e9riste, j&#8217;ai d\u00e9couvert le monde passionnant des jardins. Suite \u00e0 plusieurs ann\u00e9es enrichissantes sur le terrain, j&#8217;ai pris en charge la conduite de &hellip; <\/p>\n<p class=\"link-more\"><a href=\"https:\/\/avisvert.fr\/\" class=\"more-link\">Read more<span class=\"screen-reader-text\"> &#8220;Titre&#8221;<\/span><\/a><\/p>\n","protected":false},"author":1,"featured_media":28,"parent":0,"menu_order":0,"comment_status":"closed","ping_status":"closed","template":"page-templates\/no-title.php","meta":{"_monsterinsights_skip_tracking":false,"_monsterinsights_sitenote_active":false,"_monsterinsights_sitenote_note":"","_monsterinsights_sitenote_category":0,"footnotes":""},"_links":{"self":[{"href":"https:\/\/avisvert.fr\/index.php\/wp-json\/wp\/v2\/pages\/11"}],"collection":[{"href":"https:\/\/avisvert.fr\/index.php\/wp-json\/wp\/v2\/pages"}],"about":[{"href":"https:\/\/avisvert.fr\/index.php\/wp-json\/wp\/v2\/types\/page"}],"author":[{"embeddable":true,"href":"https:\/\/avisvert.fr\/index.php\/wp-json\/wp\/v2\/users\/1"}],"replies":[{"embeddable":true,"href":"https:\/\/avisvert.fr\/index.php\/wp-json\/wp\/v2\/comments?post=11"}],"version-history":[{"count":63,"href":"https:\/\/avisvert.fr\/index.php\/wp-json\/wp\/v2\/pages\/11\/revisions"}],"predecessor-version":[{"id":245,"href":"https:\/\/avisvert.fr\/index.php\/wp-json\/wp\/v2\/pages\/11\/revisions\/245"}],"wp:featuredmedia":[{"embeddable":true,"href":"https:\/\/avisvert.fr\/index.php\/wp-json\/wp\/v2\/media\/28"}],"wp:attachment":[{"href":"https:\/\/avisvert.fr\/index.php\/wp-json\/wp\/v2\/media?parent=11"}],"curies":[{"name":"wp","href":"https:\/\/api.w.org\/{rel}","templated":true}]}}